{"id":330,"date":"2023-06-26T17:37:42","date_gmt":"2023-06-26T17:37:42","guid":{"rendered":"https:\/\/goldtrans.com.tr\/?page_id=330"},"modified":"2024-08-28T13:00:49","modified_gmt":"2024-08-28T13:00:49","slug":"bilgi-toplumu-hizmetleri","status":"publish","type":"page","link":"https:\/\/goldtrans.com.tr\/en\/bilgi-toplumu-hizmetleri\/","title":{"rendered":"Information Society Services"},"content":{"rendered":"<div data-elementor-type=\"wp-page\" data-elementor-id=\"330\" class=\"elementor elementor-330\" data-elementor-post-type=\"page\">\n\t\t\t\t\t\t<section class=\"elementor-section elementor-top-section elementor-element elementor-element-5812f723 elementor-section-boxed elementor-section-height-default elementor-section-height-default\" data-id=\"5812f723\" data-element_type=\"section\" data-e-type=\"section\">\n\t\t\t\t\t\t<div class=\"elementor-container elementor-column-gap-default\">\n\t\t\t\t\t<div class=\"elementor-column elementor-col-50 elementor-top-column elementor-element elementor-element-6c36a0fd\" data-id=\"6c36a0fd\" data-element_type=\"column\" data-e-type=\"column\">\n\t\t\t<div class=\"elementor-widget-wrap elementor-element-populated\">\n\t\t\t\t\t\t<div class=\"elementor-element elementor-element-5f9d4eee elementor-widget elementor-widget-text-editor\" data-id=\"5f9d4eee\" data-element_type=\"widget\" data-e-type=\"widget\" data-widget_type=\"text-editor.default\">\n\t\t\t\t<div class=\"elementor-widget-container\">\n\t\t\t\t\t\t\t\t\t<p>COMPANY TYPE: Joint Stock Company<br \/>MERS\u0130S : 191057938144372<br \/>TRADE REGISTRY DIRECTORATE : \u0130stanbul Ticaret Odas\u0131<br \/>TRADE REGISTRY NUMBER: 887802-0<br \/>TRADE NAME : Goldtrans Hediyelik E\u015fya Ticaret Anonim \u015eirketi<br \/>ADRESS : Yenibosna Merkez Mah. Ladin Sk. Kuyumcukent No: 4\/M \u0130\u00e7 <br \/>Kap\u0131 No: Z264-Bah\u00e7elievler\/ \u0130STANBUL<br \/>CONTACT INFORMATION: +90 212 603 00 76<br \/>PAID CAPITAL AMOUNT: 10,000,000.00 TL<br \/>REGISTRATION DATE: 28.10.2013<br \/>TAX OFFICE: Yenibosna Tax Office<br \/>TAX NUMBER: 191 057 9381<br \/>SECTOR: Jewelry<br \/>CHAIRMAN OF THE BOARD\/TERM OF OFFICE: TURGUT ATE\u015e \/ <br \/>28.10.2013<br \/>AUDITOR : Aday Ba\u011f\u0131ms\u0131z Denetim ve Serbest Muhasebeci Mali <br \/>M\u00fc\u015favirlik A.\u015e.<br \/>ADRESS : Re\u015fit Pa\u015fa Mah. Eski B\u00fcy\u00fckdere Cad. No:14 Park Plaza Kat: <br \/>3 Sar\u0131yer\/\u0130STANBUL<br \/>PERIOD : 01.01.2021-31.12.2021<br \/>INDEPENDENT AUDIT OFFICIAL REGISTRY: 561406<\/p>\t\t\t\t\t\t\t\t<\/div>\n\t\t\t\t<\/div>\n\t\t\t\t\t<\/div>\n\t\t<\/div>\n\t\t\t\t<div class=\"elementor-column elementor-col-50 elementor-top-column elementor-element elementor-element-6d759199\" data-id=\"6d759199\" data-element_type=\"column\" data-e-type=\"column\">\n\t\t\t<div class=\"elementor-widget-wrap elementor-element-populated\">\n\t\t\t\t\t\t<div class=\"elementor-element elementor-element-affa67 animated-slow elementor-invisible elementor-widget elementor-widget-image\" data-id=\"affa67\" data-element_type=\"widget\" data-e-type=\"widget\" data-settings=\"{&quot;_animation&quot;:&quot;fadeInRight&quot;}\" data-widget_type=\"image.default\">\n\t\t\t\t<div class=\"elementor-widget-container\">\n\t\t\t\t\t\t\t\t\t\t\t\t\t\t\t<img decoding=\"async\" src=\"http:\/\/goldtrans.com.tr\/wp-content\/uploads\/2023\/06\/shutterstock_136694549.jpg\" title=\"\" alt=\"\" loading=\"lazy\" \/>\t\t\t\t\t\t\t\t\t\t\t\t\t\t\t<\/div>\n\t\t\t\t<\/div>\n\t\t\t\t\t<\/div>\n\t\t<\/div>\n\t\t\t\t\t<\/div>\n\t\t<\/section>\n\t\t\t\t<section class=\"elementor-section elementor-top-section elementor-element elementor-element-3ed8f3ad elementor-section-full_width elementor-section-height-default elementor-section-height-default\" data-id=\"3ed8f3ad\" data-element_type=\"section\" data-e-type=\"section\">\n\t\t\t\t\t\t<div class=\"elementor-container elementor-column-gap-extended\">\n\t\t\t\t\t<div class=\"elementor-column elementor-col-100 elementor-top-column elementor-element elementor-element-77450085\" data-id=\"77450085\" data-element_type=\"column\" data-e-type=\"column\">\n\t\t\t<div class=\"elementor-widget-wrap elementor-element-populated\">\n\t\t\t\t\t\t<div class=\"elementor-element elementor-element-5f12908a elementor-arrows-position-inside elementor-pagination-position-outside elementor-widget elementor-widget-image-carousel\" data-id=\"5f12908a\" data-element_type=\"widget\" data-e-type=\"widget\" data-settings=\"{&quot;navigation&quot;:&quot;both&quot;,&quot;autoplay&quot;:&quot;yes&quot;,&quot;pause_on_hover&quot;:&quot;yes&quot;,&quot;pause_on_interaction&quot;:&quot;yes&quot;,&quot;autoplay_speed&quot;:5000,&quot;infinite&quot;:&quot;yes&quot;,&quot;speed&quot;:500}\" data-widget_type=\"image-carousel.default\">\n\t\t\t\t<div class=\"elementor-widget-container\">\n\t\t\t\t\t\t\t<div class=\"elementor-image-carousel-wrapper swiper\" role=\"region\" aria-roledescription=\"carousel\" aria-label=\"Resim D\u00f6ng\u00fcs\u00fc\" dir=\"ltr\">\n\t\t\t<div class=\"elementor-image-carousel swiper-wrapper\" aria-live=\"off\">\n\t\t\t\t\t\t\t\t<div class=\"swiper-slide\" role=\"group\" aria-roledescription=\"slide\" aria-label=\"1 \/ 4\"><figure class=\"swiper-slide-inner\"><img decoding=\"async\" class=\"swiper-slide-image\" src=\"https:\/\/goldtrans.com.tr\/wp-content\/uploads\/2023\/06\/borsa-istanbul-11.png\" alt=\"borsa-istanbul-11\" \/><\/figure><\/div><div class=\"swiper-slide\" role=\"group\" aria-roledescription=\"slide\" aria-label=\"2 \/ 4\"><figure class=\"swiper-slide-inner\"><img decoding=\"async\" class=\"swiper-slide-image\" src=\"https:\/\/goldtrans.com.tr\/wp-content\/uploads\/2023\/06\/immib-11.png\" alt=\"immib-11\" \/><\/figure><\/div><div class=\"swiper-slide\" role=\"group\" aria-roledescription=\"slide\" aria-label=\"3 \/ 4\"><figure class=\"swiper-slide-inner\"><img decoding=\"async\" class=\"swiper-slide-image\" src=\"https:\/\/goldtrans.com.tr\/wp-content\/uploads\/2023\/06\/trjewelery11.png\" alt=\"trjewelery11\" \/><\/figure><\/div><div class=\"swiper-slide\" role=\"group\" aria-roledescription=\"slide\" aria-label=\"4 \/ 4\"><figure class=\"swiper-slide-inner\"><img decoding=\"async\" class=\"swiper-slide-image\" src=\"https:\/\/goldtrans.com.tr\/wp-content\/uploads\/2023\/06\/iso-11.png\" alt=\"iso-11\" \/><\/figure><\/div>\t\t\t<\/div>\n\t\t\t\t\t\t\t\t\t\t\t\t<div class=\"elementor-swiper-button elementor-swiper-button-prev\" role=\"button\" tabindex=\"0\">\n\t\t\t\t\t\t<i aria-hidden=\"true\" class=\"eicon-chevron-left\"><\/i>\t\t\t\t\t<\/div>\n\t\t\t\t\t<div class=\"elementor-swiper-button elementor-swiper-button-next\" role=\"button\" tabindex=\"0\">\n\t\t\t\t\t\t<i aria-hidden=\"true\" class=\"eicon-chevron-right\"><\/i>\t\t\t\t\t<\/div>\n\t\t\t\t\n\t\t\t\t\t\t\t\t\t<div class=\"swiper-pagination\"><\/div>\n\t\t\t\t\t\t\t\t\t<\/div>\n\t\t\t\t\t\t<\/div>\n\t\t\t\t<\/div>\n\t\t\t\t\t<\/div>\n\t\t<\/div>\n\t\t\t\t\t<\/div>\n\t\t<\/section>\n\t\t\t\t<\/div>","protected":false},"excerpt":{"rendered":"<p>\u015e\u0130RKET T\u00dcR\u00dc: Anonim \u015eirketiMERS\u0130S : 191057938144372T\u0130CARET S\u0130C\u0130L M\u00dcD\u00dcRL\u00dc\u011e\u00dc : \u0130stanbul Ticaret Odas\u0131T\u0130CARET S\u0130C\u0130L NUMARASI : 887802-0T\u0130CARET \u00dcNVANI : Goldtrans Hediyelik E\u015fya Ticaret Anonim \u015eirketiADRES : Yenibosna Merkez Mah. Ladin Sk. Kuyumcukent No: 4\/M \u0130\u00e7 Kap\u0131 No: Z264-Bah\u00e7elievler\/ \u0130STANBUL\u0130LET\u0130\u015e\u0130M B\u0130LG\u0130LER\u0130: +90 212 603 00 76\u00d6DENEN SERMAYE M\u0130KTARI : 10.000.000,00 TLTESC\u0130L TAR\u0130H\u0130 : 28.10.2013VERG\u0130 DA\u0130RES\u0130 : Yenibosna [&hellip;]<\/p>\n","protected":false},"author":1,"featured_media":0,"parent":0,"menu_order":0,"comment_status":"closed","ping_status":"closed","template":"","meta":{"footnotes":""},"class_list":["post-330","page","type-page","status-publish","hentry"],"_links":{"self":[{"href":"https:\/\/goldtrans.com.tr\/en\/wp-json\/wp\/v2\/pages\/330","targetHints":{"allow":["GET"]}}],"collection":[{"href":"https:\/\/goldtrans.com.tr\/en\/wp-json\/wp\/v2\/pages"}],"about":[{"href":"https:\/\/goldtrans.com.tr\/en\/wp-json\/wp\/v2\/types\/page"}],"author":[{"embeddable":true,"href":"https:\/\/goldtrans.com.tr\/en\/wp-json\/wp\/v2\/users\/1"}],"replies":[{"embeddable":true,"href":"https:\/\/goldtrans.com.tr\/en\/wp-json\/wp\/v2\/comments?post=330"}],"version-history":[{"count":17,"href":"https:\/\/goldtrans.com.tr\/en\/wp-json\/wp\/v2\/pages\/330\/revisions"}],"predecessor-version":[{"id":1193,"href":"https:\/\/goldtrans.com.tr\/en\/wp-json\/wp\/v2\/pages\/330\/revisions\/1193"}],"wp:attachment":[{"href":"https:\/\/goldtrans.com.tr\/en\/wp-json\/wp\/v2\/media?parent=330"}],"curies":[{"name":"wp","href":"https:\/\/api.w.org\/{rel}","templated":true}]}}