{"id":60,"date":"2023-06-22T21:43:58","date_gmt":"2023-06-22T21:43:58","guid":{"rendered":"https:\/\/goldtrans.com.tr\/?page_id=60"},"modified":"2025-09-15T13:45:39","modified_gmt":"2025-09-15T13:45:39","slug":"hakkimizda","status":"publish","type":"page","link":"https:\/\/goldtrans.com.tr\/en\/hakkimizda\/","title":{"rendered":"About us"},"content":{"rendered":"<div data-elementor-type=\"wp-page\" data-elementor-id=\"60\" class=\"elementor elementor-60\" data-elementor-post-type=\"page\">\n\t\t\t\t\t\t<section class=\"elementor-section elementor-top-section elementor-element elementor-element-203bc98 elementor-section-full_width elementor-section-height-default elementor-section-height-default\" data-id=\"203bc98\" data-element_type=\"section\" data-e-type=\"section\">\n\t\t\t\t\t\t<div class=\"elementor-container elementor-column-gap-default\">\n\t\t\t\t\t<div class=\"elementor-column elementor-col-33 elementor-top-column elementor-element elementor-element-4356a1c\" data-id=\"4356a1c\" data-element_type=\"column\" data-e-type=\"column\">\n\t\t\t<div class=\"elementor-widget-wrap elementor-element-populated\">\n\t\t\t\t\t\t<div class=\"elementor-element elementor-element-56c645d animated-slow elementor-invisible elementor-widget elementor-widget-image\" data-id=\"56c645d\" data-element_type=\"widget\" data-e-type=\"widget\" data-settings=\"{&quot;_animation&quot;:&quot;fadeInDown&quot;}\" data-widget_type=\"image.default\">\n\t\t\t\t<div class=\"elementor-widget-container\">\n\t\t\t\t\t\t\t\t\t\t\t\t\t\t\t<img fetchpriority=\"high\" decoding=\"async\" width=\"576\" height=\"1024\" src=\"https:\/\/goldtrans.com.tr\/wp-content\/uploads\/2025\/09\/goldtrans-tabela-576x1024.jpg\" class=\"attachment-large size-large wp-image-1494\" alt=\"\" srcset=\"https:\/\/goldtrans.com.tr\/wp-content\/uploads\/2025\/09\/goldtrans-tabela-576x1024.jpg 576w, https:\/\/goldtrans.com.tr\/wp-content\/uploads\/2025\/09\/goldtrans-tabela-169x300.jpg 169w, https:\/\/goldtrans.com.tr\/wp-content\/uploads\/2025\/09\/goldtrans-tabela-768x1365.jpg 768w, https:\/\/goldtrans.com.tr\/wp-content\/uploads\/2025\/09\/goldtrans-tabela-864x1536.jpg 864w, https:\/\/goldtrans.com.tr\/wp-content\/uploads\/2025\/09\/goldtrans-tabela-7x12.jpg 7w, https:\/\/goldtrans.com.tr\/wp-content\/uploads\/2025\/09\/goldtrans-tabela.jpg 900w\" sizes=\"(max-width: 576px) 100vw, 576px\" \/>\t\t\t\t\t\t\t\t\t\t\t\t\t\t\t<\/div>\n\t\t\t\t<\/div>\n\t\t\t\t\t<\/div>\n\t\t<\/div>\n\t\t\t\t<div class=\"elementor-column elementor-col-66 elementor-top-column elementor-element elementor-element-f5f11c1\" data-id=\"f5f11c1\" data-element_type=\"column\" data-e-type=\"column\">\n\t\t\t<div class=\"elementor-widget-wrap elementor-element-populated\">\n\t\t\t\t\t\t<div class=\"elementor-element elementor-element-e43b8bd elementor-widget elementor-widget-heading\" data-id=\"e43b8bd\" data-element_type=\"widget\" data-e-type=\"widget\" data-widget_type=\"heading.default\">\n\t\t\t\t<div class=\"elementor-widget-container\">\n\t\t\t\t\t<h2 class=\"elementor-heading-title elementor-size-default\">GOLDTRANS HED\u0130YEL\u0130K E\u015eYA T\u0130CARET A.\u015e<\/h2>\t\t\t\t<\/div>\n\t\t\t\t<\/div>\n\t\t\t\t<div class=\"elementor-element elementor-element-110dc4b elementor-widget elementor-widget-text-editor\" data-id=\"110dc4b\" data-element_type=\"widget\" data-e-type=\"widget\" data-widget_type=\"text-editor.default\">\n\t\t\t\t<div class=\"elementor-widget-container\">\n\t\t\t\t\t\t\t\t\t<p>It was established in Istanbul in 2012. Since then, it has been operating in the production, wholesale domestic and export of gold and diamond jewelry by continuously increasing its diversity. GOLDTRANS, which has a reliable name in the jewelry sector, has a wide product range and supply capability in gold jewelry, especially 21k and 22k carat. In addition to the production it makes in its own workshop in Kuyumcukent, it sells the products it procures from different manufacturers to the existing wide portfolio market in Turkey and abroad.<\/p>\n<p>In addition to its Kuyumcukent offices, it provides services with all its strength to ensure that customers receive their supplies in the shortest time and easily through its strategic partners in Dubai and Germany.<\/p>\n<p>GOLDTRANS continues to increase its market share in the jewelry sector and provide the best service to its customers before and after sales.<\/p>\t\t\t\t\t\t\t\t<\/div>\n\t\t\t\t<\/div>\n\t\t\t\t\t<\/div>\n\t\t<\/div>\n\t\t\t\t\t<\/div>\n\t\t<\/section>\n\t\t\t\t<section class=\"elementor-section elementor-top-section elementor-element elementor-element-69395413 elementor-section-boxed elementor-section-height-default elementor-section-height-default\" data-id=\"69395413\" data-element_type=\"section\" data-e-type=\"section\">\n\t\t\t\t\t\t<div class=\"elementor-container elementor-column-gap-wide\">\n\t\t\t\t\t<div class=\"elementor-column elementor-col-100 elementor-top-column elementor-element elementor-element-112a390b\" data-id=\"112a390b\" data-element_type=\"column\" data-e-type=\"column\">\n\t\t\t<div class=\"elementor-widget-wrap elementor-element-populated\">\n\t\t\t\t\t\t<div class=\"elementor-element elementor-element-6e3c1e59 elementor-arrows-position-inside elementor-pagination-position-outside elementor-widget elementor-widget-image-carousel\" data-id=\"6e3c1e59\" data-element_type=\"widget\" data-e-type=\"widget\" data-settings=\"{&quot;navigation&quot;:&quot;both&quot;,&quot;autoplay&quot;:&quot;yes&quot;,&quot;pause_on_hover&quot;:&quot;yes&quot;,&quot;pause_on_interaction&quot;:&quot;yes&quot;,&quot;autoplay_speed&quot;:5000,&quot;infinite&quot;:&quot;yes&quot;,&quot;speed&quot;:500}\" data-widget_type=\"image-carousel.default\">\n\t\t\t\t<div class=\"elementor-widget-container\">\n\t\t\t\t\t\t\t<div class=\"elementor-image-carousel-wrapper swiper\" role=\"region\" aria-roledescription=\"carousel\" aria-label=\"Resim D\u00f6ng\u00fcs\u00fc\" dir=\"ltr\">\n\t\t\t<div class=\"elementor-image-carousel swiper-wrapper\" aria-live=\"off\">\n\t\t\t\t\t\t\t\t<div class=\"swiper-slide\" role=\"group\" aria-roledescription=\"slide\" aria-label=\"1 \/ 4\"><figure class=\"swiper-slide-inner\"><img decoding=\"async\" class=\"swiper-slide-image\" src=\"https:\/\/goldtrans.com.tr\/wp-content\/uploads\/2023\/06\/borsa-istanbul-11.png\" alt=\"borsa-istanbul-11\" \/><\/figure><\/div><div class=\"swiper-slide\" role=\"group\" aria-roledescription=\"slide\" aria-label=\"2 \/ 4\"><figure class=\"swiper-slide-inner\"><img decoding=\"async\" class=\"swiper-slide-image\" src=\"https:\/\/goldtrans.com.tr\/wp-content\/uploads\/2023\/06\/immib-11.png\" alt=\"immib-11\" \/><\/figure><\/div><div class=\"swiper-slide\" role=\"group\" aria-roledescription=\"slide\" aria-label=\"3 \/ 4\"><figure class=\"swiper-slide-inner\"><img decoding=\"async\" class=\"swiper-slide-image\" src=\"https:\/\/goldtrans.com.tr\/wp-content\/uploads\/2023\/06\/trjewelery11.png\" alt=\"trjewelery11\" \/><\/figure><\/div><div class=\"swiper-slide\" role=\"group\" aria-roledescription=\"slide\" aria-label=\"4 \/ 4\"><figure class=\"swiper-slide-inner\"><img decoding=\"async\" class=\"swiper-slide-image\" src=\"https:\/\/goldtrans.com.tr\/wp-content\/uploads\/2023\/06\/iso-11.png\" alt=\"iso-11\" \/><\/figure><\/div>\t\t\t<\/div>\n\t\t\t\t\t\t\t\t\t\t\t\t<div class=\"elementor-swiper-button elementor-swiper-button-prev\" role=\"button\" tabindex=\"0\">\n\t\t\t\t\t\t<i aria-hidden=\"true\" class=\"eicon-chevron-left\"><\/i>\t\t\t\t\t<\/div>\n\t\t\t\t\t<div class=\"elementor-swiper-button elementor-swiper-button-next\" role=\"button\" tabindex=\"0\">\n\t\t\t\t\t\t<i aria-hidden=\"true\" class=\"eicon-chevron-right\"><\/i>\t\t\t\t\t<\/div>\n\t\t\t\t\n\t\t\t\t\t\t\t\t\t<div class=\"swiper-pagination\"><\/div>\n\t\t\t\t\t\t\t\t\t<\/div>\n\t\t\t\t\t\t<\/div>\n\t\t\t\t<\/div>\n\t\t\t\t\t<\/div>\n\t\t<\/div>\n\t\t\t\t\t<\/div>\n\t\t<\/section>\n\t\t\t\t<\/div>","protected":false},"excerpt":{"rendered":"<p>GOLDTRANS HED\u0130YEL\u0130K E\u015eYA T\u0130CARET A.\u015e 2012 Y\u0131l\u0131nda istanbul &#8216; da kurulmu\u015ftur. O tarihten bug\u00fcne \u00e7e\u015fitlili\u011fini s\u00fcrekli artt\u0131rarak alt\u0131n ve p\u0131rlanta m\u00fccevherlerin \u00fcretimi,yurt i\u00e7inde toptan sat\u0131\u015f\u0131 ve yurtd\u0131\u015f\u0131na ihracat\u0131 konusunda faaliyet g\u00f6stermektedir. Kuyumculuk sekt\u00f6r\u00fcnde g\u00fcvenilir bir isme sahip olan GOLDTRANS ,ba\u015fta 21k ve 22k ayar olmak \u00fczere alt\u0131ndan mamul m\u00fccevherat konusunda geni\u015f bir \u00fcr\u00fcn gam\u0131na ve [&hellip;]<\/p>\n","protected":false},"author":1,"featured_media":0,"parent":0,"menu_order":0,"comment_status":"closed","ping_status":"closed","template":"","meta":{"footnotes":""},"class_list":["post-60","page","type-page","status-publish","hentry"],"_links":{"self":[{"href":"https:\/\/goldtrans.com.tr\/en\/wp-json\/wp\/v2\/pages\/60","targetHints":{"allow":["GET"]}}],"collection":[{"href":"https:\/\/goldtrans.com.tr\/en\/wp-json\/wp\/v2\/pages"}],"about":[{"href":"https:\/\/goldtrans.com.tr\/en\/wp-json\/wp\/v2\/types\/page"}],"author":[{"embeddable":true,"href":"https:\/\/goldtrans.com.tr\/en\/wp-json\/wp\/v2\/users\/1"}],"replies":[{"embeddable":true,"href":"https:\/\/goldtrans.com.tr\/en\/wp-json\/wp\/v2\/comments?post=60"}],"version-history":[{"count":41,"href":"https:\/\/goldtrans.com.tr\/en\/wp-json\/wp\/v2\/pages\/60\/revisions"}],"predecessor-version":[{"id":1499,"href":"https:\/\/goldtrans.com.tr\/en\/wp-json\/wp\/v2\/pages\/60\/revisions\/1499"}],"wp:attachment":[{"href":"https:\/\/goldtrans.com.tr\/en\/wp-json\/wp\/v2\/media?parent=60"}],"curies":[{"name":"wp","href":"https:\/\/api.w.org\/{rel}","templated":true}]}}